{"id":715,"date":"2021-06-10T14:27:56","date_gmt":"2021-06-10T12:27:56","guid":{"rendered":"https:\/\/konferencje-ksi.pl\/?page_id=715"},"modified":"2021-09-15T15:06:38","modified_gmt":"2021-09-15T13:06:38","slug":"zarzadzanie-infrastruktura-it-webinar","status":"publish","type":"page","link":"https:\/\/konferencje-ksi.pl\/?page_id=715","title":{"rendered":"Zarz\u0105dzanie infrastruktur\u0105 IT &#8211; webinar"},"content":{"rendered":"\n<p><strong>WPROWADZENIE<\/strong> <\/p>\n\n\n\n<p>W coraz wi\u0119kszym stopniu biznes jest uzale\u017cniony od danych i aplikacji. Zestaw kluczowych element\u00f3w organizacji stanowi\u0105 centrum danych i infrastruktura IT. Zadaniem centr\u00f3w danych jest przechowywanie i przetwarzanie coraz wi\u0119kszej ilo\u015bci danych. Wirtualizacja, architektura chmury (ang. Cloud Computing), rozw\u00f3j oprogramowania jako us\u0142ugi, wideokonferencje, dostarczanie tre\u015bci wideo, dost\u0119p do firmowych aplikacji przez urz\u0105dzenia mobilne to tylko niekt\u00f3re z nowych rozwi\u0105za\u0144 i technologii. Aplikacje internetowe w znacznym stopniu uzale\u017cnione s\u0105 od sieci. Niezale\u017cnie od wielko\u015bci firmy wyzwania w zakresie wydajno\u015bci sieci, jej przepustowo\u015bci i odporno\u015bci na awarie s\u0105 podobne. Od infrastruktury sieciowej biznes wymaga: wydajno\u015bci, niezawodno\u015bci, elastyczno\u015bci, prostoty, skalowalno\u015bci i optymalizacji po\u0142\u0105czonej z niskimi kosztami budowy i utrzymania. Na menad\u017cer\u00f3w IT jest wywierana sta\u0142a presja maj\u0105ca na celu podniesienie wydajno\u015bci i efektywno\u015bci, zapewnienie wy\u017cszego poziomu us\u0142ug przy ni\u017cszych kosztach. Celem dodania sieci do zintegrowanego zarz\u0105dzania us\u0142ugami (ang. Integrated Services Management) jest zwi\u0119kszenie odpowiedzialno\u015bci IT za dostarczanie warto\u015bci dla organizacji.<\/p>\n\n\n\n<p><strong>CELE:<\/strong><\/p>\n\n\n\n<ol><li>Prezentacja roli i tendencji w rozwoju infrastruktury sieciowej jako\nelement krytyczny IT;<\/li><li>Analiza\nwp\u0142ywu wirtualizacji na infrastruktur\u0119 IT;<\/li><li>Dyskusja jakie s\u0105 kluczowe zasady\nprzeprojektowania infrastruktury IT;<\/li><li>Prezentacja:\nJak zbudowa\u0107 inteligentn\u0105 wirtualn\u0105 infrastruktur\u0119?<\/li><li>Analiza:\nInfrastruktura&nbsp; odpowiadaj\u0105ca nowszej&nbsp; generacji centrum danych;<\/li><li>Dyskusja: Jak przekona\u0107 zarz\u0105d do\ninwestowania&nbsp; w&nbsp; infrastruktur\u0119 informatyczn\u0105?<\/li><\/ol>\n\n\n\n<p><strong>ADRESACI<\/strong><\/p>\n\n\n\n<ul><li>Kadra podejmuj\u0105ca strategiczne decyzje\n\u2013 prezesi zarz\u0105d\u00f3w, dyrektorzy marketingu i sprzeda\u017cy, dyrektorzy finansowi,\ndyrektorzy zakup\u00f3w, dyrektorzy produkcji, dyrektorzy IT z \u015brednich i du\u017cych\nszybko rozwijaj\u0105cych si\u0119 firm;<\/li><li>Kadra mened\u017cerska odpowiedzialna za\npodejmowanie strategicznych decyzji w firmie;<\/li><li>Kierownicy projekt\u00f3w IT,\nadministratorzy aplikacji i sieci. <\/li><\/ul>\n\n\n\n<p><\/p>\n\n\n\n<p><\/p>\n\n\n\n<p><strong>MIEJSCE<\/strong><\/p>\n\n\n\n<p><strong>online<\/strong><\/p>\n\n\n\n<p><strong>PLANOWANA TEMATYKA<\/strong><\/p>\n\n\n\n<ol><li>Przysz\u0142o\u015b\u0107 sieci. Jak zmieniaj\u0105ce si\u0119\npotrzeby biznesu wp\u0142ywaj\u0105 na wymagania&nbsp;\nwobec sieci. Cz\u0119sto aktualna infrastruktura sieciowa jest zbyt\nstatyczna&nbsp; i przestarza\u0142a aby nad\u0105\u017ca\u0107 i\nwspiera\u0107 nowe us\u0142ugi. Jakimi zasadami nale\u017cy si\u0119 kierowa\u0107 przy projektowaniu\ninfrastruktury sieciowej: ci\u0105g\u0142o\u015bci\u0105 dzia\u0142ania 24\/7\/365 i&nbsp; \u0142\u0105czeniem&nbsp;\nsi\u0119 z ka\u017cdym&nbsp; miejscem&nbsp; korzystaj\u0105c z ka\u017cdego&nbsp; typu urz\u0105dze\u0144, w tym mobilnych.<\/li><li>Wp\u0142yw\narchitektury Cloud Computing na infrastruktur\u0119 IT. Infrastruktura fizyczna mo\u017ce\nby\u0107 kluczowa dla sukcesu przetwarzania w chmurze. Zrozumienie mo\u017cliwo\u015bci\ninfrastrukturalnych jest pierwszym krokiem w kierunku wdro\u017cenia Cloud\nComputing. Jak przygotowa\u0107 sie\u0107 do us\u0142ug wirtualizacji, chmury i urz\u0105dze\u0144\nmobilnych. Wp\u0142yw VOIP na dostarczanie tre\u015bci i zintegrowanej komunikacji dla\ninfrastruktury sieciowej. Jak wyliczy\u0107 efekt wynikaj\u0105cy z optymalizacji WAN i\nsfinansowa\u0107 tego typu inwestycje.<\/li><li>Dzia\u0142ania maj\u0105ce na celu zabezpieczenie sieci oraz zabezpieczenie\ninfrastruktury sieciowej. Budowa infrastruktury odporniej na kl\u0119ski \u017cywio\u0142owe,\nistota planu kontynuacji, ci\u0105g\u0142o\u015bci dzia\u0142ania. W jakim stopniu s\u0105 bezpieczne\ninfrastruktura i dane? Istotne jest opracowanie i testowanie planu kontynuacji\nbiznesu. Wyzwaniem jest posiadanie efektywnego, niezawodnego i nie rujnuj\u0105cego\nbud\u017cetu organizacji planu kontynuacji dzia\u0142ania. Jakie s\u0105 koszty inwestycji\noraz niezb\u0119dne zasoby zabezpieczaj\u0105ce wra\u017cliwe&nbsp;\ndane? Kiedy&nbsp; op\u0142aca si\u0119&nbsp; inwestowa\u0107 i utrzymywa\u0107 tak\u0105 infrastruktur\u0119?\nJaki poziom bezpiecze\u0144stwa, przestoju i ci\u0105g\u0142o\u015bci dzia\u0142ania jest odpowiedni dla\nmojej organizacji?<\/li><li>Jak planowa\u0107 implementacj\u0119 sieci WLAN \u2013 od wyboru architektury do\nselekcji dostawcy rozwi\u0105zania. <\/li><li>Zarz\u0105dzanie warstw\u0105 fizyczn\u0105 centrum danych. Od efektywnego&nbsp; zarz\u0105dzania centrum danych w kierunku\nzarz\u0105dzania infrastruktur\u0105 IT. Monitorowanie i zarz\u0105dzanie us\u0142ugami w\n\u015brodowiskach rozproszonych. Jak sobie poradzi\u0107 z rosn\u0105c\u0105 z\u0142o\u017cono\u015bci\u0105&nbsp; infrastruktury IT i ograniczon\u0105\nprzepustowo\u015bci\u0105&nbsp; sieci?&nbsp;&nbsp;&nbsp;&nbsp;&nbsp;&nbsp;&nbsp; &nbsp;&nbsp;&nbsp;&nbsp;&nbsp;&nbsp;&nbsp;&nbsp;&nbsp;&nbsp;&nbsp;&nbsp;&nbsp;&nbsp;&nbsp;&nbsp;&nbsp;&nbsp;&nbsp;&nbsp;&nbsp;&nbsp;&nbsp;&nbsp;&nbsp;&nbsp;&nbsp;&nbsp;&nbsp;&nbsp;&nbsp;&nbsp;&nbsp;&nbsp;&nbsp;&nbsp;&nbsp;&nbsp;&nbsp;&nbsp;&nbsp;&nbsp;&nbsp;&nbsp;&nbsp;&nbsp;&nbsp;&nbsp;&nbsp;&nbsp;&nbsp;&nbsp;&nbsp;&nbsp;&nbsp;&nbsp;&nbsp;&nbsp;&nbsp;&nbsp;&nbsp;&nbsp;&nbsp;&nbsp;<\/li><li>Oracle VM &#8211; solidna i elastyczna infrastruktura (platforma) dla\nimplementacji architektury Cloud Computing, kt\u00f3re&nbsp; w\u0142\u0105czaj\u0105&nbsp;\noprogramowanie, serwery i pami\u0119\u0107&nbsp;\nmasow\u0105.&nbsp; <\/li><li>Zunifikowana infrastruktura dla Cloud Computing wg Cisco &#8211; Cisco\nUnified Data Center <\/li><li>Infrastruktura jako us\u0142uga \u2013 nowe rozwi\u0105zania oferowane przez\nfirm\u0119 HP &#8211;&nbsp;&nbsp; CloudSystem Matrix <\/li><li>Znacz\u0105ce obni\u017cenie koszt\u00f3w IT, zwi\u0119kszona produktywno\u015b\u0107\nu\u017cytkownik\u00f3w poprzez modernizacj\u0119 infrastruktury centrum danych. Zwi\u0119kszenie\nefektywno\u015bci centrum danych dzi\u0119ki&nbsp;\noptymalizacji o\u015bwietlenia i zastosowanie inteligentnej infrastruktury.<\/li><li>Sie\u0107 staje si\u0119 elementem zintegrowanego zarz\u0105dzania us\u0142ugami\n(Integrated Service Management). Konwergentna infrastruktura \u2013 jakie korzy\u015bci,\ndlaczego wdra\u017ca\u0107, jak zaimplementowa\u0107? Oprogramowanie do zarz\u0105dzania wirtualn\u0105\ninfrastruktur\u0105 <strong><\/strong><\/li><\/ol>\n\n\n\n<p><strong>ORGANIZATOR<\/strong><strong><\/strong><\/p>\n\n\n\n<p>&nbsp;KSI<strong><\/strong><\/p>\n\n\n\n<p><strong>BLI\u017bSZE\nINFORMACJE<\/strong><\/p>\n\n\n\n<p>Anna\nUszy\u0144ska<\/p>\n\n\n\n<p>mobile 502 707 727<\/p>\n\n\n\n<p>e-mail: a.uszynska@konferencje-ksi.pl<\/p>\n","protected":false},"excerpt":{"rendered":"<p>WPROWADZENIE W coraz wi\u0119kszym stopniu biznes jest uzale\u017cniony od danych i aplikacji. Zestaw kluczowych element\u00f3w organizacji stanowi\u0105 centrum danych i infrastruktura IT. Zadaniem centr\u00f3w danych jest przechowywanie i przetwarzanie coraz wi\u0119kszej ilo\u015bci danych. Wirtualizacja, architektura chmury (ang. Cloud Computing), rozw\u00f3j oprogramowania jako us\u0142ugi, wideokonferencje, dostarczanie tre\u015bci wideo, dost\u0119p do firmowych aplikacji przez urz\u0105dzenia mobilne to &hellip;<\/p>\n","protected":false},"author":1,"featured_media":0,"parent":0,"menu_order":0,"comment_status":"closed","ping_status":"closed","template":"szkolenia-page.php","meta":[],"acf":[],"_links":{"self":[{"href":"https:\/\/konferencje-ksi.pl\/index.php?rest_route=\/wp\/v2\/pages\/715"}],"collection":[{"href":"https:\/\/konferencje-ksi.pl\/index.php?rest_route=\/wp\/v2\/pages"}],"about":[{"href":"https:\/\/konferencje-ksi.pl\/index.php?rest_route=\/wp\/v2\/types\/page"}],"author":[{"embeddable":true,"href":"https:\/\/konferencje-ksi.pl\/index.php?rest_route=\/wp\/v2\/users\/1"}],"replies":[{"embeddable":true,"href":"https:\/\/konferencje-ksi.pl\/index.php?rest_route=%2Fwp%2Fv2%2Fcomments&post=715"}],"version-history":[{"count":7,"href":"https:\/\/konferencje-ksi.pl\/index.php?rest_route=\/wp\/v2\/pages\/715\/revisions"}],"predecessor-version":[{"id":751,"href":"https:\/\/konferencje-ksi.pl\/index.php?rest_route=\/wp\/v2\/pages\/715\/revisions\/751"}],"wp:attachment":[{"href":"https:\/\/konferencje-ksi.pl\/index.php?rest_route=%2Fwp%2Fv2%2Fmedia&parent=715"}],"curies":[{"name":"wp","href":"https:\/\/api.w.org\/{rel}","templated":true}]}}