{"id":596,"date":"2020-10-19T10:21:23","date_gmt":"2020-10-19T08:21:23","guid":{"rendered":"https:\/\/konferencje-ksi.pl\/?page_id=596"},"modified":"2021-09-15T15:07:29","modified_gmt":"2021-09-15T13:07:29","slug":"storage-przechowywanie-i-bezpieczenstwo-danych","status":"publish","type":"page","link":"https:\/\/konferencje-ksi.pl\/?page_id=596","title":{"rendered":"STORAGE  PRZECHOWYWANIE I BEZPIECZE\u0143STWO DANYCH"},"content":{"rendered":"<p>WPROWADZENIE Wraz ze wzrostem ilo\u015bci danych, z\u0142o\u017cono\u015bci\u0105 infrastruktury informatycznej, coraz istotniejsza staje si\u0119 dla firm kwestia w\u0142a\u015bciwego zarz\u0105dzania procesem przechowywania i archiwizacji danych. Z rozwojem internetu, elektroniczn\u0105 wymian\u0105 danych firmy i urz\u0119dy  <a href=\"https:\/\/konferencje-ksi.pl\/?page_id=596\" title=\"Read more on STORAGE  PRZECHOWYWANIE I BEZPIECZE\u0143STWO DANYCH\" class=\"more-link\">read more<\/a><\/p>\n","protected":false},"excerpt":{"rendered":"<p>WPROWADZENIE Wraz ze wzrostem ilo\u015bci danych, z\u0142o\u017cono\u015bci\u0105 infrastruktury informatycznej, coraz istotniejsza staje si\u0119 dla firm kwestia w\u0142a\u015bciwego zarz\u0105dzania procesem przechowywania i archiwizacji danych. Z rozwojem internetu, elektroniczn\u0105 wymian\u0105 danych firmy i urz\u0119dy read more<\/p>\n","protected":false},"author":1,"featured_media":0,"parent":0,"menu_order":0,"comment_status":"closed","ping_status":"closed","template":"szkolenia-page.php","meta":[],"acf":[],"_links":{"self":[{"href":"https:\/\/konferencje-ksi.pl\/index.php?rest_route=\/wp\/v2\/pages\/596"}],"collection":[{"href":"https:\/\/konferencje-ksi.pl\/index.php?rest_route=\/wp\/v2\/pages"}],"about":[{"href":"https:\/\/konferencje-ksi.pl\/index.php?rest_route=\/wp\/v2\/types\/page"}],"author":[{"embeddable":true,"href":"https:\/\/konferencje-ksi.pl\/index.php?rest_route=\/wp\/v2\/users\/1"}],"replies":[{"embeddable":true,"href":"https:\/\/konferencje-ksi.pl\/index.php?rest_route=%2Fwp%2Fv2%2Fcomments&post=596"}],"version-history":[{"count":11,"href":"https:\/\/konferencje-ksi.pl\/index.php?rest_route=\/wp\/v2\/pages\/596\/revisions"}],"predecessor-version":[{"id":752,"href":"https:\/\/konferencje-ksi.pl\/index.php?rest_route=\/wp\/v2\/pages\/596\/revisions\/752"}],"wp:attachment":[{"href":"https:\/\/konferencje-ksi.pl\/index.php?rest_route=%2Fwp%2Fv2%2Fmedia&parent=596"}],"curies":[{"name":"wp","href":"https:\/\/api.w.org\/{rel}","templated":true}]}}