{"id":30,"date":"2019-10-18T09:26:15","date_gmt":"2019-10-18T07:26:15","guid":{"rendered":"http:\/\/zdn123.vot.pl\/olga.b\/klienci\/ksi\/?page_id=30"},"modified":"2022-03-29T07:53:14","modified_gmt":"2022-03-29T05:53:14","slug":"bezpieczenstwo-it","status":"publish","type":"page","link":"https:\/\/konferencje-ksi.pl\/?page_id=30","title":{"rendered":"Bezpiecze\u0144stwo IT"},"content":{"rendered":"<p>Bezpiecze\u0144stwo IT &nbsp; POBIERZ &#8211; Agenda konferencja Bezpiecz\u0144stwo IT &#8211; 7 kwietnia 2022 &nbsp; &nbsp; &nbsp; Wprowadzenie Zagadnienia bezpiecze\u0144stwa IT wraz z rozwojem e-commerce, mobilnych u\u017cytkownik\u00f3w, aplikacji korzystaj\u0105cych z chmury (ang. cloud computi <a href=\"https:\/\/konferencje-ksi.pl\/?page_id=30\" title=\"Read more on Bezpiecze\u0144stwo IT\" class=\"more-link\">read more<\/a><\/p>\n","protected":false},"excerpt":{"rendered":"<p>Bezpiecze\u0144stwo IT &nbsp; POBIERZ &#8211; Agenda konferencja Bezpiecz\u0144stwo IT &#8211; 7 kwietnia 2022 &nbsp; &nbsp; &nbsp; Wprowadzenie Zagadnienia bezpiecze\u0144stwa IT wraz z rozwojem e-commerce, mobilnych u\u017cytkownik\u00f3w, aplikacji korzystaj\u0105cych z chmury (ang. cloud computi read more<\/p>\n","protected":false},"author":1,"featured_media":0,"parent":0,"menu_order":0,"comment_status":"closed","ping_status":"closed","template":"","meta":[],"acf":[],"_links":{"self":[{"href":"https:\/\/konferencje-ksi.pl\/index.php?rest_route=\/wp\/v2\/pages\/30"}],"collection":[{"href":"https:\/\/konferencje-ksi.pl\/index.php?rest_route=\/wp\/v2\/pages"}],"about":[{"href":"https:\/\/konferencje-ksi.pl\/index.php?rest_route=\/wp\/v2\/types\/page"}],"author":[{"embeddable":true,"href":"https:\/\/konferencje-ksi.pl\/index.php?rest_route=\/wp\/v2\/users\/1"}],"replies":[{"embeddable":true,"href":"https:\/\/konferencje-ksi.pl\/index.php?rest_route=%2Fwp%2Fv2%2Fcomments&post=30"}],"version-history":[{"count":15,"href":"https:\/\/konferencje-ksi.pl\/index.php?rest_route=\/wp\/v2\/pages\/30\/revisions"}],"predecessor-version":[{"id":807,"href":"https:\/\/konferencje-ksi.pl\/index.php?rest_route=\/wp\/v2\/pages\/30\/revisions\/807"}],"wp:attachment":[{"href":"https:\/\/konferencje-ksi.pl\/index.php?rest_route=%2Fwp%2Fv2%2Fmedia&parent=30"}],"curies":[{"name":"wp","href":"https:\/\/api.w.org\/{rel}","templated":true}]}}