{"id":28,"date":"2019-10-18T09:25:50","date_gmt":"2019-10-18T07:25:50","guid":{"rendered":"http:\/\/zdn123.vot.pl\/olga.b\/klienci\/ksi\/?page_id=28"},"modified":"2022-01-25T09:50:12","modified_gmt":"2022-01-25T08:50:12","slug":"data-center","status":"publish","type":"page","link":"https:\/\/konferencje-ksi.pl\/?page_id=28","title":{"rendered":"Data Center &#8211; Webinar"},"content":{"rendered":"<p>Wprowadzenie Dla menad\u017cer\u00f3w serwerowni najwa\u017cniejszymi sprawami prowadz\u0105cymi do konsolidacji, wirtualizacji, nowych architektur i modeli dostarczania us\u0142ug IT s\u0105 koszty, efektywno\u015b\u0107, kontynuacja biznesu, zachowanie poziomu obs\u0142ugi pracownik\u00f3w i klient\u00f3w firmy. Przy zarz <a href=\"https:\/\/konferencje-ksi.pl\/?page_id=28\" title=\"Read more on Data Center &#8211; Webinar\" class=\"more-link\">read more<\/a><\/p>\n","protected":false},"excerpt":{"rendered":"<p>Wprowadzenie Dla menad\u017cer\u00f3w serwerowni najwa\u017cniejszymi sprawami prowadz\u0105cymi do konsolidacji, wirtualizacji, nowych architektur i modeli dostarczania us\u0142ug IT s\u0105 koszty, efektywno\u015b\u0107, kontynuacja biznesu, zachowanie poziomu obs\u0142ugi pracownik\u00f3w i klient\u00f3w firmy. Przy zarz read more<\/p>\n","protected":false},"author":1,"featured_media":0,"parent":0,"menu_order":0,"comment_status":"closed","ping_status":"closed","template":"szkolenia-page.php","meta":[],"acf":[],"_links":{"self":[{"href":"https:\/\/konferencje-ksi.pl\/index.php?rest_route=\/wp\/v2\/pages\/28"}],"collection":[{"href":"https:\/\/konferencje-ksi.pl\/index.php?rest_route=\/wp\/v2\/pages"}],"about":[{"href":"https:\/\/konferencje-ksi.pl\/index.php?rest_route=\/wp\/v2\/types\/page"}],"author":[{"embeddable":true,"href":"https:\/\/konferencje-ksi.pl\/index.php?rest_route=\/wp\/v2\/users\/1"}],"replies":[{"embeddable":true,"href":"https:\/\/konferencje-ksi.pl\/index.php?rest_route=%2Fwp%2Fv2%2Fcomments&post=28"}],"version-history":[{"count":62,"href":"https:\/\/konferencje-ksi.pl\/index.php?rest_route=\/wp\/v2\/pages\/28\/revisions"}],"predecessor-version":[{"id":788,"href":"https:\/\/konferencje-ksi.pl\/index.php?rest_route=\/wp\/v2\/pages\/28\/revisions\/788"}],"wp:attachment":[{"href":"https:\/\/konferencje-ksi.pl\/index.php?rest_route=%2Fwp%2Fv2%2Fmedia&parent=28"}],"curies":[{"name":"wp","href":"https:\/\/api.w.org\/{rel}","templated":true}]}}