{"id":26,"date":"2019-10-18T09:25:37","date_gmt":"2019-10-18T07:25:37","guid":{"rendered":"http:\/\/zdn123.vot.pl\/olga.b\/klienci\/ksi\/?page_id=26"},"modified":"2019-10-29T08:51:17","modified_gmt":"2019-10-29T07:51:17","slug":"system-erp","status":"publish","type":"page","link":"https:\/\/konferencje-ksi.pl\/?page_id=26","title":{"rendered":"System Erp"},"content":{"rendered":"<p>System Erp Pobierz Wprowadzenie Rynek wymaga efektywno\u015bci, konkurencyjno\u015bci, szybko wdra\u017canych innowacji w zakresie produkcji, dystrybucji, zarz\u0105dzaniem \u0142a\u0144cuchem dostaw, us\u0142ug. Jednym, ze \u015brodk\u00f3w sprzyjaj\u0105cych osi\u0105gni\u0119ciu tych cel\u00f3w s\u0105 odpowiednie systemy informatyczne <a href=\"https:\/\/konferencje-ksi.pl\/?page_id=26\" title=\"Read more on System Erp\" class=\"more-link\">read more<\/a><\/p>\n","protected":false},"excerpt":{"rendered":"<p>System Erp Pobierz Wprowadzenie Rynek wymaga efektywno\u015bci, konkurencyjno\u015bci, szybko wdra\u017canych innowacji w zakresie produkcji, dystrybucji, zarz\u0105dzaniem \u0142a\u0144cuchem dostaw, us\u0142ug. Jednym, ze \u015brodk\u00f3w sprzyjaj\u0105cych osi\u0105gni\u0119ciu tych cel\u00f3w s\u0105 odpowiednie systemy informatyczne read more<\/p>\n","protected":false},"author":1,"featured_media":0,"parent":0,"menu_order":0,"comment_status":"closed","ping_status":"closed","template":"","meta":[],"acf":[],"_links":{"self":[{"href":"https:\/\/konferencje-ksi.pl\/index.php?rest_route=\/wp\/v2\/pages\/26"}],"collection":[{"href":"https:\/\/konferencje-ksi.pl\/index.php?rest_route=\/wp\/v2\/pages"}],"about":[{"href":"https:\/\/konferencje-ksi.pl\/index.php?rest_route=\/wp\/v2\/types\/page"}],"author":[{"embeddable":true,"href":"https:\/\/konferencje-ksi.pl\/index.php?rest_route=\/wp\/v2\/users\/1"}],"replies":[{"embeddable":true,"href":"https:\/\/konferencje-ksi.pl\/index.php?rest_route=%2Fwp%2Fv2%2Fcomments&post=26"}],"version-history":[{"count":10,"href":"https:\/\/konferencje-ksi.pl\/index.php?rest_route=\/wp\/v2\/pages\/26\/revisions"}],"predecessor-version":[{"id":350,"href":"https:\/\/konferencje-ksi.pl\/index.php?rest_route=\/wp\/v2\/pages\/26\/revisions\/350"}],"wp:attachment":[{"href":"https:\/\/konferencje-ksi.pl\/index.php?rest_route=%2Fwp%2Fv2%2Fmedia&parent=26"}],"curies":[{"name":"wp","href":"https:\/\/api.w.org\/{rel}","templated":true}]}}