{"id":24,"date":"2019-10-18T09:25:14","date_gmt":"2019-10-18T07:25:14","guid":{"rendered":"http:\/\/zdn123.vot.pl\/olga.b\/klienci\/ksi\/?page_id=24"},"modified":"2022-06-14T11:46:53","modified_gmt":"2022-06-14T09:46:53","slug":"elektroniczny-obieg-dokumentow","status":"publish","type":"page","link":"https:\/\/konferencje-ksi.pl\/?page_id=24","title":{"rendered":"Elektroniczny Obieg Dokument\u00f3w &#8211; Webinar"},"content":{"rendered":"<p>&nbsp; Wprowadzenie Elektroniczny Obieg Dokument\u00f3w poprzez usprawnienia przep\u0142ywu informacji jest podstaw\u0105 efektywnych decyzji biznesowych w organizacjach. W procesie operacyjnym organizacje przetwarzaj\u0105 du\u017ce ilo\u015bci dokument\u00f3w. Rozwi\u0105zaniem dla zorientowanych na wyniki  <a href=\"https:\/\/konferencje-ksi.pl\/?page_id=24\" title=\"Read more on Elektroniczny Obieg Dokument\u00f3w &#8211; Webinar\" class=\"more-link\">read more<\/a><\/p>\n","protected":false},"excerpt":{"rendered":"<p>&nbsp; Wprowadzenie Elektroniczny Obieg Dokument\u00f3w poprzez usprawnienia przep\u0142ywu informacji jest podstaw\u0105 efektywnych decyzji biznesowych w organizacjach. W procesie operacyjnym organizacje przetwarzaj\u0105 du\u017ce ilo\u015bci dokument\u00f3w. Rozwi\u0105zaniem dla zorientowanych na wyniki read more<\/p>\n","protected":false},"author":1,"featured_media":0,"parent":0,"menu_order":0,"comment_status":"closed","ping_status":"closed","template":"szkolenia-page.php","meta":[],"acf":[],"_links":{"self":[{"href":"https:\/\/konferencje-ksi.pl\/index.php?rest_route=\/wp\/v2\/pages\/24"}],"collection":[{"href":"https:\/\/konferencje-ksi.pl\/index.php?rest_route=\/wp\/v2\/pages"}],"about":[{"href":"https:\/\/konferencje-ksi.pl\/index.php?rest_route=\/wp\/v2\/types\/page"}],"author":[{"embeddable":true,"href":"https:\/\/konferencje-ksi.pl\/index.php?rest_route=\/wp\/v2\/users\/1"}],"replies":[{"embeddable":true,"href":"https:\/\/konferencje-ksi.pl\/index.php?rest_route=%2Fwp%2Fv2%2Fcomments&post=24"}],"version-history":[{"count":91,"href":"https:\/\/konferencje-ksi.pl\/index.php?rest_route=\/wp\/v2\/pages\/24\/revisions"}],"predecessor-version":[{"id":812,"href":"https:\/\/konferencje-ksi.pl\/index.php?rest_route=\/wp\/v2\/pages\/24\/revisions\/812"}],"wp:attachment":[{"href":"https:\/\/konferencje-ksi.pl\/index.php?rest_route=%2Fwp%2Fv2%2Fmedia&parent=24"}],"curies":[{"name":"wp","href":"https:\/\/api.w.org\/{rel}","templated":true}]}}