{"id":2,"date":"2019-10-18T08:26:57","date_gmt":"2019-10-18T06:26:57","guid":{"rendered":"http:\/\/zdn123.vot.pl\/olga.b\/klienci\/ksi\/?page_id=2"},"modified":"2022-03-01T13:57:00","modified_gmt":"2022-03-01T12:57:00","slug":"przykladowa-strona","status":"publish","type":"page","link":"https:\/\/konferencje-ksi.pl\/","title":{"rendered":"Strona g\u0142\u00f3wna"},"content":{"rendered":"<p>O nas Misja Nasz\u0105 misj\u0105 jest poszerzanie wiedzy na tematy zastosowania najnowszej teleinformatyki w r\u00f3\u017cnych obszarach gospodarki, poprzez prezentacje, panele dyskusyjne, studia przypadk\u00f3w. Profil Organizujemy konferencje w bran\u017cy teleinformatycznej od kilkunastu lat o c <a href=\"https:\/\/konferencje-ksi.pl\/\" title=\"Read more on Strona g\u0142\u00f3wna\" class=\"more-link\">read more<\/a><\/p>\n","protected":false},"excerpt":{"rendered":"<p>O nas Misja Nasz\u0105 misj\u0105 jest poszerzanie wiedzy na tematy zastosowania najnowszej teleinformatyki w r\u00f3\u017cnych obszarach gospodarki, poprzez prezentacje, panele dyskusyjne, studia przypadk\u00f3w. Profil Organizujemy konferencje w bran\u017cy teleinformatycznej od kilkunastu lat o c read more<\/p>\n","protected":false},"author":1,"featured_media":0,"parent":0,"menu_order":0,"comment_status":"closed","ping_status":"open","template":"","meta":[],"acf":[],"_links":{"self":[{"href":"https:\/\/konferencje-ksi.pl\/index.php?rest_route=\/wp\/v2\/pages\/2"}],"collection":[{"href":"https:\/\/konferencje-ksi.pl\/index.php?rest_route=\/wp\/v2\/pages"}],"about":[{"href":"https:\/\/konferencje-ksi.pl\/index.php?rest_route=\/wp\/v2\/types\/page"}],"author":[{"embeddable":true,"href":"https:\/\/konferencje-ksi.pl\/index.php?rest_route=\/wp\/v2\/users\/1"}],"replies":[{"embeddable":true,"href":"https:\/\/konferencje-ksi.pl\/index.php?rest_route=%2Fwp%2Fv2%2Fcomments&post=2"}],"version-history":[{"count":41,"href":"https:\/\/konferencje-ksi.pl\/index.php?rest_route=\/wp\/v2\/pages\/2\/revisions"}],"predecessor-version":[{"id":799,"href":"https:\/\/konferencje-ksi.pl\/index.php?rest_route=\/wp\/v2\/pages\/2\/revisions\/799"}],"wp:attachment":[{"href":"https:\/\/konferencje-ksi.pl\/index.php?rest_route=%2Fwp%2Fv2%2Fmedia&parent=2"}],"curies":[{"name":"wp","href":"https:\/\/api.w.org\/{rel}","templated":true}]}}